{"id":14,"date":"2018-03-09T14:06:08","date_gmt":"2018-03-09T14:06:08","guid":{"rendered":"https:\/\/testasistembe.iqs.edu\/?page_id=14"},"modified":"2018-06-08T14:44:07","modified_gmt":"2018-06-08T14:44:07","slug":"presentacion","status":"publish","type":"page","link":"https:\/\/asistembe.iqs.edu\/es_ES\/","title":{"rendered":"PRESENTACI\u00d3N"},"content":{"rendered":"<div>\n<p>El grupo <strong>ASISTEMBE <\/strong>(Analytics, Simulations and Inquiry in STEM and Business Education) es un grupo de investigaci\u00f3n de la <a href=\"http:\/\/www.url.edu\/es\">Universitat Ramon Llull<\/a>, que se form\u00f3 en el a\u00f1o 2013 y fue reconocido como un grupo emergente (2014 SGR 910) por <em>la Generalitat de Catalunya<\/em> el a\u00f1o 2014. Adem\u00e1s forma parte del centro de investigaci\u00f3n distribuido ACM-ASLE (Aristos Campus Mundus group on Analytics for Social and Learning Enhancement) del Campus de Excelencia Internacional <a href=\"http:\/\/www.aristoscampusmundus.net\/es\">Aristos Campus Mundus 2015<\/a>. ASISTEMBE est\u00e1 integrado en <a href=\"http:\/\/techtransfer.iqs.edu\">IQS Tech Transfer<\/a>.<\/p>\n<p>Este colectivo est\u00e1 formado por un equipo de <a href=\"http:\/\/www.asistembe.iqs.edu\/es\/equip\">profesores e investigadores<\/a> de <a href=\"http:\/\/www.iqs.edu\/es\">IQS<\/a> Universitat Ramon Llull y otras instituciones universitarias. ASISTEMBE se propone como objetivo la investigaci\u00f3n en la mejora del conocimiento y la pr\u00e1ctica de la formaci\u00f3n universitaria en disciplinas espec\u00edficas (ciencias, tecnolog\u00eda, ingenier\u00eda, matem\u00e1ticas y negocios). De esta manera, el grupo est\u00e1 centrado en la investigaci\u00f3n en did\u00e1ctica de disciplinas espec\u00edficas en la educaci\u00f3n superior.<\/p>\n<p>Dentro de este \u00e1mbito, el grupo est\u00e1 especializado en:<\/p>\n<\/div>\n<ul>\n<li>El desarrollo y utilizaci\u00f3n did\u00e1ctica de simulaciones,<\/li>\n<li>El an\u00e1lisis basado en la utilizaci\u00f3n de trazas y m\u00e9todos cuantitativos,<\/li>\n<li>La utilizaci\u00f3n de la modelizaci\u00f3n y de la ense\u00f1anza por investigaci\u00f3n como estrategias did\u00e1cticas de referencia.<\/li>\n<\/ul>\n<p>Puedes encontrar m\u00e1s informaci\u00f3n sobre nuestras l\u00edneas de investigaci\u00f3n en el apartado de <a href=\"http:\/\/www.asistembe.iqs.edu\/es\/investigacion\">investigaci\u00f3n<\/a>, sobre nuestras contribuciones en <a href=\"http:\/\/www.asistembe.iqs.edu\/es\/contribuciones-mas-relevantes\">producci\u00f3n acad\u00e9mica<\/a>\u00a0y sobre c\u00f3mo encontrarnos en <a href=\"http:\/\/www.asistembe.iqs.edu\/es\/contacto\">contacto<\/a>.<\/p>\n<p>\u00a1Gracias por tu inter\u00e9s y bienvenid@!<\/p>\n","protected":false},"excerpt":{"rendered":"<div>\n<p>El grupo <strong>ASISTEMBE <\/strong>(Analytics, Simulations and Inquiry in STEM and Business Education) es un grupo de investigaci\u00f3n de la <a href=\"http:\/\/www.url.edu\/es\">Universidad Ramon Llull<\/a>, que se form\u00f3 en el a\u00f1o 2013 y reconocido &#8230;<\/p>\n","protected":false},"author":1,"featured_media":0,"parent":0,"menu_order":0,"comment_status":"closed","ping_status":"closed","template":"page-templates\/page-full-width.php","meta":[],"_links":{"self":[{"href":"https:\/\/asistembe.iqs.edu\/es_ES\/wp-json\/wp\/v2\/pages\/14"}],"collection":[{"href":"https:\/\/asistembe.iqs.edu\/es_ES\/wp-json\/wp\/v2\/pages"}],"about":[{"href":"https:\/\/asistembe.iqs.edu\/es_ES\/wp-json\/wp\/v2\/types\/page"}],"author":[{"embeddable":true,"href":"https:\/\/asistembe.iqs.edu\/es_ES\/wp-json\/wp\/v2\/users\/1"}],"replies":[{"embeddable":true,"href":"https:\/\/asistembe.iqs.edu\/es_ES\/wp-json\/wp\/v2\/comments?post=14"}],"version-history":[{"count":16,"href":"https:\/\/asistembe.iqs.edu\/es_ES\/wp-json\/wp\/v2\/pages\/14\/revisions"}],"predecessor-version":[{"id":343,"href":"https:\/\/asistembe.iqs.edu\/es_ES\/wp-json\/wp\/v2\/pages\/14\/revisions\/343"}],"wp:attachment":[{"href":"https:\/\/asistembe.iqs.edu\/es_ES\/wp-json\/wp\/v2\/media?parent=14"}],"curies":[{"name":"wp","href":"https:\/\/api.w.org\/{rel}","templated":true}]}}